{"id":21,"date":"2023-10-19T00:44:09","date_gmt":"2023-10-19T00:44:09","guid":{"rendered":"https:\/\/asistenciasvital.com\/?page_id=16"},"modified":"2024-05-30T18:24:14","modified_gmt":"2024-05-30T16:24:14","slug":"faq","status":"publish","type":"page","link":"https:\/\/asistenciasvital.com\/hn\/faq\/","title":{"rendered":"FAQ"},"content":{"rendered":"\n<h2>\n\t\tPREGUNTAS FRECUENTES\n\t<\/h2>\n<h5>\n\t\tAsistencias Personales\n\t<\/h5>\n\t\t\t\t\t\t\t\t\t\t<h6>\u00bfCu\u00e1les son las asistencias a las que puede afiliarse una persona natural?<\/h6>\n\t\t\t\t\t<p>Las asistencias disponibles para el p\u00fablico en general son: Funeraria (individual o familiar) y m\u00e9dica.<\/p>\n\t\t\t\t\t\t\t\t\t\t<h6>\u00bfPor cu\u00e1nto tiempo se debe dar la cuota de estas asistencias?<\/h6>\n\t\t\t\t\t<p>La cuota de nuestras asistencias se deja de pagar hasta que se hace uso del servicio, no quedan deudas a largo plazo, se deja de pagar a lo inmediato. Las cuotas son c\u00f3modas y son accesibles para todas las personas que deseen afiliarse.<\/p>\n\t\t\t\t\t\t\t\t\t\t<h6>\u00bfCu\u00e1nto es el monto para afiliarse a las asistencias personales?<\/h6>\n\t\t\t\t\t<p>El monto de afiliaci\u00f3n depende de la asistencia que adquiera, en el caso de la Asistencias Funeraria individual ya sea para velaci\u00f3n o cremaci\u00f3n es de U$2 mensuales, en cambio si es un plan familiar el costo es de U$7.50 mensuales. Para Asistencia M\u00e9dica el costo es de U$5 mensuales por persona.<\/p>\n\t\t\t\t\t\t\t\t\t\t<h6>\u00bfQu\u00e9 incluye la Asistencia Funeraria?<\/h6>\n\t\t\t\t\t<p>Incluye 2 opciones de entrega del servicio:<\/p>\n<p>Opci\u00f3n 1: Asistencia Velaci\u00f3n VITAL:<\/p>\n<ul>\n<li>Asesor\u00eda en documentaci\u00f3n necesaria.<\/li>\n<li>Traslado terrestre de la persona fallecida a nivel nacional.<\/li>\n<li>Ata\u00fad est\u00e1ndar para un peso no mayor a las 190 libras.<\/li>\n<li>Arreglo y preparaci\u00f3n del cuerpo por 24 horas.<\/li>\n<li>Sala de velaci\u00f3n capilla o domicilio por 24 horas (salas aplican solo en Managua).<\/li>\n<li>Servicio de cafeter\u00eda, 100 personas.<\/li>\n<li>Libro recordatorio.<\/li>\n<\/ul>\n<p>Opci\u00f3n 2: Asistencia Cremaci\u00f3n VITAL:<\/p>\n<ul>\n<li>Asesor\u00eda en documentaci\u00f3n necesaria.<\/li>\n<li>Traslado terrestre de la persona fallecida a nivel nacional.<\/li>\n<li>Proceso de cremaci\u00f3n (\u00fanicamente se proporciona en la ciudad de Managua).<\/li>\n<li>Urna para dep\u00f3sito de cenizas.<\/li>\n<\/ul>\n<p>Nota: En el caso de cremaci\u00f3n no le cubre vela de cuerpo presente, eso deber\u00e1 ser cubierto por la familia doliente.<\/p>\n\t\t\t\t\t\t\t\t\t\t<h6>\u00bfLa Asistencia Funeraria incluye lote cementerial?<\/h6>\n\t\t\t\t\t<p>El plan de Asistencia Funeraria actual <strong>no<\/strong> incluye terreno, \u00fanicamente todos los servicios f\u00fanebres relacionados a la velaci\u00f3n o la cremaci\u00f3n.<\/p>\n\t\t\t\t\t\t\t\t\t\t<h6>\u00bfQu\u00e9 incluye la Asistencia M\u00e9dica?<\/h6>\n\t\t\t\t\t<p>El cliente tiene un plazo de 30 d\u00edas para hacer uso de sus 2 consultas m\u00e9dicas. Presentamos diferentes alternativas para que el cliente reciba atenci\u00f3n m\u00e9dica seg\u00fan sus necesidades y preferencias:<\/p>\n<ol>\n<li><strong>Consulta m\u00e9dica virtual<\/strong>: El cliente puede acceder a una consulta m\u00e9dica a trav\u00e9s de videoconferencia. Para esto el cliente recibe un correo electr\u00f3nico despu\u00e9s de realizada su compra, este correo contiene un enlace \u00fanico que lo redirige a su consulta inmediata.<\/li>\n<li><strong>Consulta m\u00e9dica telef\u00f3nica<\/strong>: El cliente puede acceder a una consulta m\u00e9dica a trav\u00e9s de llamada telef\u00f3nica, durante la llamada pueden describir sus s\u00edntomas y recibir la orientaci\u00f3n m\u00e9dica que necesita.<\/li>\n<\/ol>\n<p>Nota: El m\u00e9dico general valora la sintomatolog\u00eda inicial y de ser necesario se le coordina una cita virtual con la subespecialidad para una segunda valoraci\u00f3n seg\u00fan disponibilidad del m\u00e9dico.<\/p>\n\t\t\t\t\t\t\t\t\t\t<h6>\u00bfLas asistencias tienen cobertura en todo el pa\u00eds?<\/h6>\n\t\t\t\t\t<p>La cobertura es a nivel nacional, contamos con una red de proveedores con los que damos la cobertura 100% en todo el territorio hondure\u00f1o.<\/p>\n\t\t\t\t\t\t\t\t\t\t<h6>\u00bfC\u00f3mo puedo afiliarme, tendr\u00e9 contrato por el servicio de asistencia contratado?<\/h6>\n\t\t\t\t\t<p>Puede afiliarse desde nuestra pagina web, o bien contactando a uno de nuestros asesores para que le brinde acompa\u00f1amiento durante el proceso, la modalidad de pago es bajo d\u00e9bito autom\u00e1tico de una tarjeta de cr\u00e9dito o d\u00e9bito.<\/p>\n<p>Una vez se finaliza el proceso se le remite al correo electr\u00f3nico que nos indique su condicionado, donde le enviamos todos los t\u00e9rminos y condiciones de su afiliaci\u00f3n.<\/p>\n\t\t\t\t\t\t\t\t\t\t<h6>Quiero hablar con un asesor \u00bfC\u00f3mo me contacto?<\/h6>\n\t\t\t\t\t<p>Puede contactarnos por nuestras redes sociales, nuestra p\u00e1gina web o bien a los siguientes n\u00fameros:<\/p>\n<ul>\n<li>Atenci\u00f3n al cliente +504 25440556 opci\u00f3n #1<\/li>\n<li>Whatsapp +505 81159235<\/li>\n<\/ul>\n<h5>\n\t\tAsistencias Empresariales\n\t<\/h5>\n\t\t\t\t\t\t\t\t\t\t<h6>\u00bfCu\u00e1les son los beneficios comerciales al ser aliados estrat\u00e9gicos de Asistencias Vital?<\/h6>\n\t\t\t\t\t<p>Nuestros clientes aumentan sus ingresos no operativos, las cuotas son m\u00ednimas y les ofrecemos el producto como White Label. Esto resultar en un aumento de la fidelidad del cliente y en una ventaja competitiva en el mercado.<\/p>\n\t\t\t\t\t\t\t\t\t\t<h6>\u00bfA qu\u00e9 nos referimos con el t\u00e9rmino ingresos NO operativos?<\/h6>\n\t\t\t\t\t<p>Una de las ventajas de trabajar con Asistencias Vital es que la implementaci\u00f3n de las asistencias es un procesos simple y r\u00e1pido para nuestros clientes; toda la log\u00edstica de operaci\u00f3n, la atenci\u00f3n de emergencias, contacto con proveedores, etc. es liderada por nosotros, por lo tanto, la ganancia que nuestro cliente percibe es ingreso neto y sin agregar complicaciones operativas a su negocio.<\/p>\n\t\t\t\t\t\t\t\t\t\t<h6>\u00bfC\u00f3mo adaptamos las Asistencias Vital para cada cliente?<\/h6>\n\t\t\t\t\t<p>Personalizamos paquetes seg\u00fan el sector empresarial o las necesidades espec\u00edficas de cada cliente. Por ejemplo, creamos un paquete para una empresa <strong>X<\/strong> que incluye servicios funerarios y m\u00e9dicos, mientras que otra empresa <strong>Y<\/strong> solicita un paquete que abarque servicios para el hogar, viales y legales.<\/p>\n<p>Podemos crear productos independientes a distintos precios o bien crear un solo paquete que contenga todos los componentes que nuestro cliente empresarial solicite. Estamos preparados para ajustarnos a cualquier necesidad espec\u00edfica que nos planteen.<\/p>\n\t\t\t\t\t\t\t\t\t\t<h6>\u00bfC\u00f3mo una empresa puede ofrecer junto a sus productos o servicios las Asistencias Vital?<\/h6>\n\t\t\t\t\t<p>La opci\u00f3n es adherirlo como parte de alguno de sus productos o servicios, por ejemplo, ligando las asistencias a cr\u00e9ditos, seguros y cobrando peque\u00f1as cuotas mensuales a los clientes finales.<\/p>\n<p>Otra forma es insert\u00e1ndolo como un producto nuevo y diferenciador para brindar soluciones eficaces y r\u00e1pidas para sus clientes.<\/p>\n\t\t\t\t\t\t\t\t\t\t<h6>\u00bfC\u00f3mo una empresa puede ofrecer las Asistencias Vital como beneficio para los colaboradores?<\/h6>\n\t\t\t\t\t<p>Las empresas tienen la flexibilidad de incluir el paquete de asistencias como parte integral de su programa de beneficios para empleados. Esto puede implicar diversas modalidades, como vincularlo a una deducci\u00f3n de n\u00f3mina, que el empleador cubra el costo total como un beneficio adicional, o incluso compartir el costo entre el colaborador y el empleador en una proporci\u00f3n acordada, como 50\/50. La elecci\u00f3n de la modalidad depende de lo que resulte m\u00e1s conveniente para cada empresa.<\/p>\n\n","protected":false},"excerpt":{"rendered":"<p>PREGUNTAS FRECUENTES Asistencias Personales \u00bfCu\u00e1les son las asistencias a las que puede afiliarse una persona natural? Las asistencias disponibles para el p\u00fablico en general son: Funeraria (individual o familiar) y m\u00e9dica. \u00bfPor cu\u00e1nto tiempo se debe dar la cuota de estas asistencias? La cuota de nuestras asistencias se deja de pagar hasta que se hace [&hellip;]<\/p>\n","protected":false},"author":1,"featured_media":0,"parent":0,"menu_order":0,"comment_status":"closed","ping_status":"closed","template":"","meta":{"site-sidebar-layout":"default","site-content-layout":"","ast-site-content-layout":"default","site-content-style":"default","site-sidebar-style":"default","ast-global-header-display":"","ast-banner-title-visibility":"","ast-main-header-display":"","ast-hfb-above-header-display":"","ast-hfb-below-header-display":"","ast-hfb-mobile-header-display":"","site-post-title":"disabled","ast-breadcrumbs-content":"","ast-featured-img":"","footer-sml-layout":"","theme-transparent-header-meta":"","adv-header-id-meta":"","stick-header-meta":"","header-above-stick-meta":"","header-main-stick-meta":"","header-below-stick-meta":"","astra-migrate-meta-layouts":"default","ast-page-background-enabled":"default","ast-page-background-meta":{"desktop":{"background-color":"var(--ast-global-color-4)","background-image":"","background-repeat":"repeat","background-position":"center center","background-size":"auto","background-attachment":"scroll","background-type":"","background-media":"","overlay-type":"","overlay-color":"","overlay-opacity":"","overlay-gradient":""},"tablet":{"background-color":"","background-image":"","background-repeat":"repeat","background-position":"center center","background-size":"auto","background-attachment":"scroll","background-type":"","background-media":"","overlay-type":"","overlay-color":"","overlay-opacity":"","overlay-gradient":""},"mobile":{"background-color":"","background-image":"","background-repeat":"repeat","background-position":"center center","background-size":"auto","background-attachment":"scroll","background-type":"","background-media":"","overlay-type":"","overlay-color":"","overlay-opacity":"","overlay-gradient":""}},"ast-content-background-meta":{"desktop":{"background-color":"var(--ast-global-color-5)","background-image":"","background-repeat":"repeat","background-position":"center center","background-size":"auto","background-attachment":"scroll","background-type":"","background-media":"","overlay-type":"","overlay-color":"","overlay-opacity":"","overlay-gradient":""},"tablet":{"background-color":"var(--ast-global-color-5)","background-image":"","background-repeat":"repeat","background-position":"center center","background-size":"auto","background-attachment":"scroll","background-type":"","background-media":"","overlay-type":"","overlay-color":"","overlay-opacity":"","overlay-gradient":""},"mobile":{"background-color":"var(--ast-global-color-5)","background-image":"","background-repeat":"repeat","background-position":"center center","background-size":"auto","background-attachment":"scroll","background-type":"","background-media":"","overlay-type":"","overlay-color":"","overlay-opacity":"","overlay-gradient":""}},"footnotes":""},"class_list":["post-21","page","type-page","status-publish","hentry"],"yoast_head":"<!-- This site is optimized with the Yoast SEO plugin v25.7 - https:\/\/yoast.com\/wordpress\/plugins\/seo\/ -->\n<title>FAQ - Asistencias Vital Honduras<\/title>\n<meta name=\"robots\" content=\"index, follow, max-snippet:-1, max-image-preview:large, max-video-preview:-1\" \/>\n<link rel=\"canonical\" href=\"https:\/\/asistenciasvital.com\/hn\/faq\/\" \/>\n<meta property=\"og:locale\" content=\"es_ES\" \/>\n<meta property=\"og:type\" content=\"article\" \/>\n<meta property=\"og:title\" content=\"FAQ - Asistencias Vital Honduras\" \/>\n<meta property=\"og:description\" content=\"PREGUNTAS FRECUENTES Asistencias Personales \u00bfCu\u00e1les son las asistencias a las que puede afiliarse una persona natural? Las asistencias disponibles para el p\u00fablico en general son: Funeraria (individual o familiar) y m\u00e9dica. \u00bfPor cu\u00e1nto tiempo se debe dar la cuota de estas asistencias? La cuota de nuestras asistencias se deja de pagar hasta que se hace [&hellip;]\" \/>\n<meta property=\"og:url\" content=\"https:\/\/asistenciasvital.com\/hn\/faq\/\" \/>\n<meta property=\"og:site_name\" content=\"Asistencias Vital Honduras\" \/>\n<meta property=\"article:publisher\" content=\"https:\/\/www.facebook.com\/redvitalnic\" \/>\n<meta property=\"article:modified_time\" content=\"2024-05-30T16:24:14+00:00\" \/>\n<meta property=\"og:image\" content=\"https:\/\/asistenciasvital.com\/hn\/wp-content\/uploads\/sites\/2\/2024\/01\/cropped-ASISTRENCIAS-VITAL-logo-scaled.png\" \/>\n\t<meta property=\"og:image:width\" content=\"2560\" \/>\n\t<meta property=\"og:image:height\" content=\"854\" \/>\n\t<meta property=\"og:image:type\" content=\"image\/png\" \/>\n<meta name=\"twitter:card\" content=\"summary_large_image\" \/>\n<meta name=\"twitter:label1\" content=\"Tiempo de lectura\" \/>\n\t<meta name=\"twitter:data1\" content=\"5 minutos\" \/>\n<script type=\"application\/ld+json\" class=\"yoast-schema-graph\">{\"@context\":\"https:\/\/schema.org\",\"@graph\":[{\"@type\":\"WebPage\",\"@id\":\"https:\/\/asistenciasvital.com\/hn\/faq\/\",\"url\":\"https:\/\/asistenciasvital.com\/hn\/faq\/\",\"name\":\"FAQ - Asistencias Vital Honduras\",\"isPartOf\":{\"@id\":\"https:\/\/asistenciasvital.com\/hn\/#website\"},\"datePublished\":\"2023-10-19T00:44:09+00:00\",\"dateModified\":\"2024-05-30T16:24:14+00:00\",\"breadcrumb\":{\"@id\":\"https:\/\/asistenciasvital.com\/hn\/faq\/#breadcrumb\"},\"inLanguage\":\"es\",\"potentialAction\":[{\"@type\":\"ReadAction\",\"target\":[\"https:\/\/asistenciasvital.com\/hn\/faq\/\"]}]},{\"@type\":\"BreadcrumbList\",\"@id\":\"https:\/\/asistenciasvital.com\/hn\/faq\/#breadcrumb\",\"itemListElement\":[{\"@type\":\"ListItem\",\"position\":1,\"name\":\"Portada\",\"item\":\"https:\/\/asistenciasvital.com\/hn\/\"},{\"@type\":\"ListItem\",\"position\":2,\"name\":\"FAQ\"}]},{\"@type\":\"WebSite\",\"@id\":\"https:\/\/asistenciasvital.com\/hn\/#website\",\"url\":\"https:\/\/asistenciasvital.com\/hn\/\",\"name\":\"Asistencias Vital Honduras\",\"description\":\"Se ofrecen asistencias a la medida para los clientes, con componentes funerario, hogar, vial, legal y m\u00e9dico.\",\"publisher\":{\"@id\":\"https:\/\/asistenciasvital.com\/hn\/#organization\"},\"potentialAction\":[{\"@type\":\"SearchAction\",\"target\":{\"@type\":\"EntryPoint\",\"urlTemplate\":\"https:\/\/asistenciasvital.com\/hn\/?s={search_term_string}\"},\"query-input\":{\"@type\":\"PropertyValueSpecification\",\"valueRequired\":true,\"valueName\":\"search_term_string\"}}],\"inLanguage\":\"es\"},{\"@type\":\"Organization\",\"@id\":\"https:\/\/asistenciasvital.com\/hn\/#organization\",\"name\":\"Asistencias Vital Honduras\",\"url\":\"https:\/\/asistenciasvital.com\/hn\/\",\"logo\":{\"@type\":\"ImageObject\",\"inLanguage\":\"es\",\"@id\":\"https:\/\/asistenciasvital.com\/hn\/#\/schema\/logo\/image\/\",\"url\":\"https:\/\/asistenciasvital.com\/hn\/wp-content\/uploads\/sites\/2\/2024\/01\/cropped-ASISTRENCIAS-VITAL-logo-scaled.png\",\"contentUrl\":\"https:\/\/asistenciasvital.com\/hn\/wp-content\/uploads\/sites\/2\/2024\/01\/cropped-ASISTRENCIAS-VITAL-logo-scaled.png\",\"width\":2560,\"height\":854,\"caption\":\"Asistencias Vital Honduras\"},\"image\":{\"@id\":\"https:\/\/asistenciasvital.com\/hn\/#\/schema\/logo\/image\/\"},\"sameAs\":[\"https:\/\/www.facebook.com\/redvitalnic\",\"https:\/\/www.instagram.com\/redvitalnic\/\",\"https:\/\/www.tiktok.com\/@asistencias_vital?_t=8fp2ae3lf2j&_r=1\"]}]}<\/script>\n<!-- \/ Yoast SEO plugin. -->","yoast_head_json":{"title":"FAQ - Asistencias Vital Honduras","robots":{"index":"index","follow":"follow","max-snippet":"max-snippet:-1","max-image-preview":"max-image-preview:large","max-video-preview":"max-video-preview:-1"},"canonical":"https:\/\/asistenciasvital.com\/hn\/faq\/","og_locale":"es_ES","og_type":"article","og_title":"FAQ - Asistencias Vital Honduras","og_description":"PREGUNTAS FRECUENTES Asistencias Personales \u00bfCu\u00e1les son las asistencias a las que puede afiliarse una persona natural? Las asistencias disponibles para el p\u00fablico en general son: Funeraria (individual o familiar) y m\u00e9dica. \u00bfPor cu\u00e1nto tiempo se debe dar la cuota de estas asistencias? La cuota de nuestras asistencias se deja de pagar hasta que se hace [&hellip;]","og_url":"https:\/\/asistenciasvital.com\/hn\/faq\/","og_site_name":"Asistencias Vital Honduras","article_publisher":"https:\/\/www.facebook.com\/redvitalnic","article_modified_time":"2024-05-30T16:24:14+00:00","og_image":[{"width":2560,"height":854,"url":"https:\/\/asistenciasvital.com\/hn\/wp-content\/uploads\/sites\/2\/2024\/01\/cropped-ASISTRENCIAS-VITAL-logo-scaled.png","type":"image\/png"}],"twitter_card":"summary_large_image","twitter_misc":{"Tiempo de lectura":"5 minutos"},"schema":{"@context":"https:\/\/schema.org","@graph":[{"@type":"WebPage","@id":"https:\/\/asistenciasvital.com\/hn\/faq\/","url":"https:\/\/asistenciasvital.com\/hn\/faq\/","name":"FAQ - Asistencias Vital Honduras","isPartOf":{"@id":"https:\/\/asistenciasvital.com\/hn\/#website"},"datePublished":"2023-10-19T00:44:09+00:00","dateModified":"2024-05-30T16:24:14+00:00","breadcrumb":{"@id":"https:\/\/asistenciasvital.com\/hn\/faq\/#breadcrumb"},"inLanguage":"es","potentialAction":[{"@type":"ReadAction","target":["https:\/\/asistenciasvital.com\/hn\/faq\/"]}]},{"@type":"BreadcrumbList","@id":"https:\/\/asistenciasvital.com\/hn\/faq\/#breadcrumb","itemListElement":[{"@type":"ListItem","position":1,"name":"Portada","item":"https:\/\/asistenciasvital.com\/hn\/"},{"@type":"ListItem","position":2,"name":"FAQ"}]},{"@type":"WebSite","@id":"https:\/\/asistenciasvital.com\/hn\/#website","url":"https:\/\/asistenciasvital.com\/hn\/","name":"Asistencias Vital Honduras","description":"Se ofrecen asistencias a la medida para los clientes, con componentes funerario, hogar, vial, legal y m\u00e9dico.","publisher":{"@id":"https:\/\/asistenciasvital.com\/hn\/#organization"},"potentialAction":[{"@type":"SearchAction","target":{"@type":"EntryPoint","urlTemplate":"https:\/\/asistenciasvital.com\/hn\/?s={search_term_string}"},"query-input":{"@type":"PropertyValueSpecification","valueRequired":true,"valueName":"search_term_string"}}],"inLanguage":"es"},{"@type":"Organization","@id":"https:\/\/asistenciasvital.com\/hn\/#organization","name":"Asistencias Vital Honduras","url":"https:\/\/asistenciasvital.com\/hn\/","logo":{"@type":"ImageObject","inLanguage":"es","@id":"https:\/\/asistenciasvital.com\/hn\/#\/schema\/logo\/image\/","url":"https:\/\/asistenciasvital.com\/hn\/wp-content\/uploads\/sites\/2\/2024\/01\/cropped-ASISTRENCIAS-VITAL-logo-scaled.png","contentUrl":"https:\/\/asistenciasvital.com\/hn\/wp-content\/uploads\/sites\/2\/2024\/01\/cropped-ASISTRENCIAS-VITAL-logo-scaled.png","width":2560,"height":854,"caption":"Asistencias Vital Honduras"},"image":{"@id":"https:\/\/asistenciasvital.com\/hn\/#\/schema\/logo\/image\/"},"sameAs":["https:\/\/www.facebook.com\/redvitalnic","https:\/\/www.instagram.com\/redvitalnic\/","https:\/\/www.tiktok.com\/@asistencias_vital?_t=8fp2ae3lf2j&_r=1"]}]}},"_links":{"self":[{"href":"https:\/\/asistenciasvital.com\/hn\/wp-json\/wp\/v2\/pages\/21","targetHints":{"allow":["GET"]}}],"collection":[{"href":"https:\/\/asistenciasvital.com\/hn\/wp-json\/wp\/v2\/pages"}],"about":[{"href":"https:\/\/asistenciasvital.com\/hn\/wp-json\/wp\/v2\/types\/page"}],"author":[{"embeddable":true,"href":"https:\/\/asistenciasvital.com\/hn\/wp-json\/wp\/v2\/users\/1"}],"replies":[{"embeddable":true,"href":"https:\/\/asistenciasvital.com\/hn\/wp-json\/wp\/v2\/comments?post=21"}],"version-history":[{"count":0,"href":"https:\/\/asistenciasvital.com\/hn\/wp-json\/wp\/v2\/pages\/21\/revisions"}],"wp:attachment":[{"href":"https:\/\/asistenciasvital.com\/hn\/wp-json\/wp\/v2\/media?parent=21"}],"curies":[{"name":"wp","href":"https:\/\/api.w.org\/{rel}","templated":true}]}}