{"id":67,"date":"2024-05-29T20:46:55","date_gmt":"2024-05-29T18:46:55","guid":{"rendered":"https:\/\/asistenciasvital.com\/hn\/?page_id=67"},"modified":"2025-08-15T01:16:34","modified_gmt":"2025-08-14T23:16:34","slug":"asistencias-personales","status":"publish","type":"page","link":"https:\/\/asistenciasvital.com\/hn\/asistencias-personales\/","title":{"rendered":"Asistencias Personales"},"content":{"rendered":"\n<h1>\n\t\t\tAsistencias VITAL para ti:\t<\/h1>\n\t<p>Asistencia Funeraria Individual o Familiar y Asistencia M\u00e9dica.<\/p>\n\t\t\t<a href=\"https:\/\/asistenciasvital.com\/hn\/contacto\/\" target=\"_self\">\n\t\t\t\t\t\t\tCont\u00e1ctanos\n\t\t\t\t\t<\/a>\n\t\t\t\t<img decoding=\"async\" src=\"https:\/\/asistenciasvital.com\/wp-content\/uploads\/2024\/03\/Asistencias_Individuales_Vital.png\" alt=\"Asistencias_Individuales_Vital\" title=\"Asistencias_Individuales_Vital\" itemprop=\"image\"  \/>\n\t<a href=\"#asistencia-funeraria\" target=\"_self\"  aria-label=\"Ir a #asistencia-funeraria\"><\/a>\n\t\t\t\t<img decoding=\"async\" src=\"https:\/\/asistenciasvital.com\/wp-content\/uploads\/2023\/10\/Funeraria_Asistencias_Vital.png\" alt=\"\" title=\"\" itemprop=\"image\"\/>\n\t\t\t\t<h2>Funeraria<br \/>Individual<\/h2>\n\t<a href=\"#asistencia-funeraria-familiar\" target=\"_self\"  aria-label=\"Ir a #asistencia-funeraria-familiar\"><\/a>\n\t\t\t\t<img decoding=\"async\" src=\"https:\/\/asistenciasvital.com\/wp-content\/uploads\/2023\/10\/Funeraria_Asistencias_Vital.png\" alt=\"\" title=\"\" itemprop=\"image\"\/>\n\t\t\t\t<h2>Funeraria<br \/>Familiar<\/h2>\n\t<a href=\"#asistencia-medica\" target=\"_self\"  aria-label=\"Ir a #asistencia-medica\"><\/a>\n\t\t\t\t<img decoding=\"async\" src=\"https:\/\/asistenciasvital.com\/wp-content\/uploads\/2023\/10\/Medica_Asistencias_Vital.png\" alt=\"\" title=\"\" itemprop=\"image\"\/>\n\t\t\t\t<h2>Asistencia<br \/>M\u00e9dica<\/h2>\n\t\t\t\t<img decoding=\"async\" src=\"https:\/\/asistenciasvital.com\/wp-content\/uploads\/2024\/04\/Funeraria-Individual-1.png\" alt=\"Funeraria Individual\" itemprop=\"image\" height=\"1120\" width=\"800\" title=\"Funeraria Individual\" onerror=\"this.style.display='none'\" loading=\"lazy\" \/>\n\t<p>Asistencia Funeraria individual: En caso de fallecimiento del afiliado, la familia doliente puede escoger entre los dos paquetes f\u00fanebres disponibles:<\/p>\n\t\t\t\t\t\t<h5>Opci\u00f3n 1: Velaci\u00f3n Convencional.<\/h5>\n\t\t\t<ol>\n<li>Asesor\u00eda en documentaci\u00f3n necesaria.<\/li>\n<li>Traslado terrestre de la persona fallecida a nivel nacional.<\/li>\n<li>Ata\u00fad est\u00e1ndar para un peso no mayor a las 190 libras.<\/li>\n<li>Arreglo y preparaci\u00f3n del cuerpo por 24 horas.<\/li>\n<li>Sala de velaci\u00f3n capilla o domicilio por 24 horas (salas aplican solo en Managua).<\/li>\n<li>Servicio de refrigerio para 100 personas.<\/li>\n<li>Libro recordatorio.<\/li>\n<\/ol>\n\t\t\t\t\t\t<h5>Opci\u00f3n 2: Cremaci\u00f3n.<\/h5>\n\t\t\t<ol>\n<li>Asesor\u00eda en documentaci\u00f3n necesaria.<\/li>\n<li>Traslado terrestre de la persona fallecida a nivel nacional.<\/li>\n<li>Proceso de cremaci\u00f3n (\u00fanicamente se proporciona en la ciudad de Managua).<\/li>\n<li>Urna para dep\u00f3sito de cenizas.<\/li>\n<\/ol>\n<p><strong>Nota<\/strong>: En el caso de cremaci\u00f3n no le cubre vela de cuerpo presente, eso deber\u00e1 ser cubierto por la familia doliente.<\/p>\n\t\t\t\t\t\t<h5>Plazos de Carencia<\/h5>\n\t\t\t<p>En el caso de nuestras asistencia usted o su familiar queda cubierto seg\u00fan los siguiente tiempos establecidos.<\/p>\n<ul>\n<li>24 hrs posteriores a la afiliaci\u00f3n si fallece por alguna causa accidental o violenta.<\/li>\n<li>1 mes posterior a la afiliaci\u00f3n si fallece por enfermedad com\u00fan o preexistente.<\/li>\n<li>6 meses posteriores a la afiliaci\u00f3n si fallece por enfermedad terminal.<\/li>\n<\/ul>\n\t\t\t<a href=\"https:\/\/odoo15.asistenciasvital.com\/\/nuevo\/5\" title=\"Haz clic aqu\u00ed\" target=\"_self\"   role=\"button\" aria-label=\"Afiliate ya\">\n\t\t\t\t\t\t\tAfiliate ya\n\t\t<\/a>\n\t<p>Asistencia Funeraria familiar para 5 personas: En caso de fallecimiento uno de los miembros del plan, la familia doliente puede escoger entre los dos paquetes f\u00fanebres disponibles:<\/p>\n\t\t\t\t\t\t<h5>Opci\u00f3n 1: Velaci\u00f3n Convencional.<\/h5>\n\t\t\t<ol>\n<li>Asesor\u00eda en documentaci\u00f3n necesaria.<\/li>\n<li>Traslado terrestre de la persona fallecida a nivel nacional.<\/li>\n<li>Ata\u00fad est\u00e1ndar para un peso no mayor a las 190 libras.<\/li>\n<li>Arreglo y preparaci\u00f3n del cuerpo por 24 horas.<\/li>\n<li>Sala de velaci\u00f3n capilla o domicilio por 24 horas (salas aplican solo en Managua).<\/li>\n<li>Servicio de refrigerio para 100 personas.<\/li>\n<li>Libro recordatorio.<\/li>\n<\/ol>\n\t\t\t\t\t\t<h5>Opci\u00f3n 2: Cremaci\u00f3n.<\/h5>\n\t\t\t<ol>\n<li>Asesor\u00eda en documentaci\u00f3n necesaria.<\/li>\n<li>Traslado terrestre de la persona fallecida a nivel nacional.<\/li>\n<li>Proceso de cremaci\u00f3n (\u00fanicamente se proporciona en la ciudad de Managua).<\/li>\n<li>Urna para dep\u00f3sito de cenizas.<\/li>\n<\/ol>\n<p><strong>Nota<\/strong>: En el caso de cremaci\u00f3n no le cubre vela de cuerpo presente, eso deber\u00e1 ser cubierto por la familia doliente.<\/p>\n\t\t\t\t\t\t<h5>Plazos de Carencia<\/h5>\n\t\t\t<p>En el caso de nuestras asistencia usted o su familiar queda cubierto seg\u00fan los siguiente tiempos establecidos:<\/p>\n<ul>\n<li>24 hrs posteriores a la afiliaci\u00f3n si fallece por alguna causa accidental o violenta.<\/li>\n<li>1 mes posterior a la afiliaci\u00f3n si fallece por enfermedad com\u00fan o preexistente.<\/li>\n<li>6 meses posteriores a la afiliaci\u00f3n si fallece por enfermedad terminal.<\/li>\n<\/ul>\n\t\t\t<a href=\"https:\/\/odoo15.asistenciasvital.com\/\/nuevo\/2\" title=\"Haz clic aqu\u00ed\" target=\"_self\"   role=\"button\" aria-label=\"Afiliate ya\">\n\t\t\t\t\t\t\tAfiliate ya\n\t\t<\/a>\n\t\t\t\t<img decoding=\"async\" src=\"https:\/\/asistenciasvital.com\/wp-content\/uploads\/2024\/04\/Funeraria-Familiar_Asistencias_Vital.png\" alt=\"Funeraria Familiar_Asistencias_Vital\" itemprop=\"image\" height=\"1120\" width=\"800\" title=\"Funeraria Familiar_Asistencias_Vital\" onerror=\"this.style.display='none'\" loading=\"lazy\" \/>\n\t\t\t<h3>Nuestra Red Principal de Funerarias<\/h3>\n\t\t\t\t<p>En Asistencias Vital creemos en la importancia de la elecci\u00f3n. Por eso, hemos construido una red de proveedores diversa y confiable. Trabajamos en colaboraci\u00f3n con una amplia gama de funerarias a nivel nacional, lo que nos permite ofrecerle opciones de calidad y un servicio excepcional.<\/p>\n<p>Siempre buscamos los mejores recursos disponibles para satisfacer sus necesidades, brind\u00e1ndole la tranquilidad de saber que est\u00e1 en manos expertas y confiables.<\/p>\n\t\t\t\t\t\t<img decoding=\"async\" src=\"https:\/\/asistenciasvital.com\/hn\/wp-content\/uploads\/sites\/2\/2023\/12\/jerusalem_funerales_jardines_asistencias_vital.jpg\" alt=\"Jerusalem Funerales y Jardines\" data-no-lazy=\"1\" \/>\t\t\t\t\t\n                            <p>Jerusalem Funerales y Jardines<\/p>\n\t\t\t\t\t\t<img decoding=\"async\" src=\"https:\/\/asistenciasvital.com\/hn\/wp-content\/uploads\/sites\/2\/2023\/12\/grupo_prevenir.jpg\" alt=\"Prevenir\" data-no-lazy=\"1\" \/>\t\t\t\t\t\n                            <p>Prevenir<\/p>\n\t\t\t\t\t\t<img decoding=\"async\" src=\"https:\/\/asistenciasvital.com\/hn\/wp-content\/uploads\/sites\/2\/2023\/12\/san_miguel_arcangel_asistencias_vital.jpg\" alt=\"Funerales San Miguel Arcangel\" data-no-lazy=\"1\" \/>\t\t\t\t\t\n                            <p>Funerales San Miguel Arcangel<\/p>\n\t\t\t\t\t\t<img decoding=\"async\" src=\"https:\/\/asistenciasvital.com\/hn\/wp-content\/uploads\/sites\/2\/2023\/12\/la_auxiliadora_asistencias_vital.jpg\" alt=\"La Auxiliadora\" data-no-lazy=\"1\" \/>\t\t\t\t\t\n                            <p>La Auxiliadora<\/p>\n\t\t\t\t<img decoding=\"async\" src=\"https:\/\/asistenciasvital.com\/wp-content\/uploads\/2024\/05\/Asistencia-Medica_Personal.png\" alt=\"Asistencia Medica_Personal\" itemprop=\"image\" height=\"1120\" width=\"800\" title=\"Asistencia Medica_Personal\" onerror=\"this.style.display='none'\" loading=\"lazy\" \/>\n\t<p>Asistencia m\u00e9dica: Desde el momento que se adquiere, el cliente tiene un plazo de 30 d\u00edas para hacer uso de sus 2 consultas m\u00e9dicas. Presentamos diferentes alternativas para que el cliente reciba atenci\u00f3n m\u00e9dica seg\u00fan sus necesidades y preferencias:<\/p>\n\t\t\t\t\t\t<h5>Consulta M\u00e9dica Virtual<\/h5>\n\t\t\t<p>El cliente puede acceder a una consulta m\u00e9dica a trav\u00e9s de videoconferencia. Para esto el cliente recibe un correo electr\u00f3nico despu\u00e9s de realizada su compra, este correo contiene un enlace \u00fanico que lo redirige a su consulta inmediata.<\/p>\n\t\t\t\t\t\t<h5>Consulta M\u00e9dica Telef\u00f3nica<\/h5>\n\t\t\t<p>El cliente puede acceder a una consulta m\u00e9dica a trav\u00e9s de llamada telef\u00f3nica, durante la llamada pueden describir sus s\u00edntomas y recibir la orientaci\u00f3n m\u00e9dica que necesita.<\/p>\n\t\t\t\t\t\t<h5>Nota<\/h5>\n\t\t\t<p>El m\u00e9dico general valora la sintomatolog\u00eda inicial y de ser necesario se le coordina una cita virtual con la sub-especialidad para una segunda valoraci\u00f3n seg\u00fan disponibilidad del m\u00e9dico.<\/p>\n\t\t\t<a href=\"https:\/\/odoo15.asistenciasvital.com\/\/nuevo\/34\" title=\"Haz clic aqu\u00ed\" target=\"_self\"   role=\"button\" aria-label=\"Afiliate ya\">\n\t\t\t\t\t\t\tAfiliate ya\n\t\t<\/a>\n\t\t<h2>\u00bfQuieres saber m\u00e1s de servicios individuales?<\/h2>\n\t\t\t<a href=\"https:\/\/asistenciasvital.com\/hn\/contacto\/\" title=\"Haz clic aqu\u00ed\" target=\"_self\"   role=\"button\" aria-label=\"Cont\u00e1ctanos\">\n\t\t\t\t\t\t\tCont\u00e1ctanos\n\t\t<\/a>\n\n","protected":false},"excerpt":{"rendered":"<p>Asistencias VITAL para ti: Asistencia Funeraria Individual o Familiar y Asistencia M\u00e9dica. Cont\u00e1ctanos FunerariaIndividual FunerariaFamiliar AsistenciaM\u00e9dica Asistencia Funeraria individual: En caso de fallecimiento del afiliado, la familia doliente puede escoger entre los dos paquetes f\u00fanebres disponibles: Opci\u00f3n 1: Velaci\u00f3n Convencional. Asesor\u00eda en documentaci\u00f3n necesaria. Traslado terrestre de la persona fallecida a nivel nacional. Ata\u00fad est\u00e1ndar [&hellip;]<\/p>\n","protected":false},"author":1,"featured_media":0,"parent":0,"menu_order":0,"comment_status":"closed","ping_status":"closed","template":"","meta":{"site-sidebar-layout":"default","site-content-layout":"","ast-site-content-layout":"default","site-content-style":"default","site-sidebar-style":"default","ast-global-header-display":"","ast-banner-title-visibility":"","ast-main-header-display":"","ast-hfb-above-header-display":"","ast-hfb-below-header-display":"","ast-hfb-mobile-header-display":"","site-post-title":"","ast-breadcrumbs-content":"","ast-featured-img":"","footer-sml-layout":"","theme-transparent-header-meta":"","adv-header-id-meta":"","stick-header-meta":"","header-above-stick-meta":"","header-main-stick-meta":"","header-below-stick-meta":"","astra-migrate-meta-layouts":"default","ast-page-background-enabled":"default","ast-page-background-meta":{"desktop":{"background-color":"var(--ast-global-color-4)","background-image":"","background-repeat":"repeat","background-position":"center center","background-size":"auto","background-attachment":"scroll","background-type":"","background-media":"","overlay-type":"","overlay-color":"","overlay-opacity":"","overlay-gradient":""},"tablet":{"background-color":"","background-image":"","background-repeat":"repeat","background-position":"center center","background-size":"auto","background-attachment":"scroll","background-type":"","background-media":"","overlay-type":"","overlay-color":"","overlay-opacity":"","overlay-gradient":""},"mobile":{"background-color":"","background-image":"","background-repeat":"repeat","background-position":"center center","background-size":"auto","background-attachment":"scroll","background-type":"","background-media":"","overlay-type":"","overlay-color":"","overlay-opacity":"","overlay-gradient":""}},"ast-content-background-meta":{"desktop":{"background-color":"var(--ast-global-color-5)","background-image":"","background-repeat":"repeat","background-position":"center center","background-size":"auto","background-attachment":"scroll","background-type":"","background-media":"","overlay-type":"","overlay-color":"","overlay-opacity":"","overlay-gradient":""},"tablet":{"background-color":"var(--ast-global-color-5)","background-image":"","background-repeat":"repeat","background-position":"center center","background-size":"auto","background-attachment":"scroll","background-type":"","background-media":"","overlay-type":"","overlay-color":"","overlay-opacity":"","overlay-gradient":""},"mobile":{"background-color":"var(--ast-global-color-5)","background-image":"","background-repeat":"repeat","background-position":"center center","background-size":"auto","background-attachment":"scroll","background-type":"","background-media":"","overlay-type":"","overlay-color":"","overlay-opacity":"","overlay-gradient":""}},"footnotes":""},"class_list":["post-67","page","type-page","status-publish","hentry"],"yoast_head":"<!-- This site is optimized with the Yoast SEO plugin v25.7 - https:\/\/yoast.com\/wordpress\/plugins\/seo\/ -->\n<title>Asistencias Personales - Asistencias Vital Honduras<\/title>\n<meta name=\"robots\" content=\"index, follow, max-snippet:-1, max-image-preview:large, max-video-preview:-1\" \/>\n<link rel=\"canonical\" href=\"https:\/\/asistenciasvital.com\/hn\/asistencias-personales\/\" \/>\n<meta property=\"og:locale\" content=\"es_ES\" \/>\n<meta property=\"og:type\" content=\"article\" \/>\n<meta property=\"og:title\" content=\"Asistencias Personales - Asistencias Vital Honduras\" \/>\n<meta property=\"og:description\" content=\"Asistencias VITAL para ti: Asistencia Funeraria Individual o Familiar y Asistencia M\u00e9dica. Cont\u00e1ctanos FunerariaIndividual FunerariaFamiliar AsistenciaM\u00e9dica Asistencia Funeraria individual: En caso de fallecimiento del afiliado, la familia doliente puede escoger entre los dos paquetes f\u00fanebres disponibles: Opci\u00f3n 1: Velaci\u00f3n Convencional. Asesor\u00eda en documentaci\u00f3n necesaria. Traslado terrestre de la persona fallecida a nivel nacional. Ata\u00fad est\u00e1ndar [&hellip;]\" \/>\n<meta property=\"og:url\" content=\"https:\/\/asistenciasvital.com\/hn\/asistencias-personales\/\" \/>\n<meta property=\"og:site_name\" content=\"Asistencias Vital Honduras\" \/>\n<meta property=\"article:publisher\" content=\"https:\/\/www.facebook.com\/redvitalnic\" \/>\n<meta property=\"article:modified_time\" content=\"2025-08-14T23:16:34+00:00\" \/>\n<meta property=\"og:image\" content=\"https:\/\/asistenciasvital.com\/wp-content\/uploads\/2024\/03\/Asistencias_Individuales_Vital.png\" \/>\n<meta name=\"twitter:card\" content=\"summary_large_image\" \/>\n<meta name=\"twitter:label1\" content=\"Tiempo de lectura\" \/>\n\t<meta name=\"twitter:data1\" content=\"3 minutos\" \/>\n<script type=\"application\/ld+json\" class=\"yoast-schema-graph\">{\"@context\":\"https:\/\/schema.org\",\"@graph\":[{\"@type\":\"WebPage\",\"@id\":\"https:\/\/asistenciasvital.com\/hn\/asistencias-personales\/\",\"url\":\"https:\/\/asistenciasvital.com\/hn\/asistencias-personales\/\",\"name\":\"Asistencias Personales - Asistencias Vital Honduras\",\"isPartOf\":{\"@id\":\"https:\/\/asistenciasvital.com\/hn\/#website\"},\"primaryImageOfPage\":{\"@id\":\"https:\/\/asistenciasvital.com\/hn\/asistencias-personales\/#primaryimage\"},\"image\":{\"@id\":\"https:\/\/asistenciasvital.com\/hn\/asistencias-personales\/#primaryimage\"},\"thumbnailUrl\":\"https:\/\/asistenciasvital.com\/wp-content\/uploads\/2024\/03\/Asistencias_Individuales_Vital.png\",\"datePublished\":\"2024-05-29T18:46:55+00:00\",\"dateModified\":\"2025-08-14T23:16:34+00:00\",\"breadcrumb\":{\"@id\":\"https:\/\/asistenciasvital.com\/hn\/asistencias-personales\/#breadcrumb\"},\"inLanguage\":\"es\",\"potentialAction\":[{\"@type\":\"ReadAction\",\"target\":[\"https:\/\/asistenciasvital.com\/hn\/asistencias-personales\/\"]}]},{\"@type\":\"ImageObject\",\"inLanguage\":\"es\",\"@id\":\"https:\/\/asistenciasvital.com\/hn\/asistencias-personales\/#primaryimage\",\"url\":\"https:\/\/asistenciasvital.com\/wp-content\/uploads\/2024\/03\/Asistencias_Individuales_Vital.png\",\"contentUrl\":\"https:\/\/asistenciasvital.com\/wp-content\/uploads\/2024\/03\/Asistencias_Individuales_Vital.png\"},{\"@type\":\"BreadcrumbList\",\"@id\":\"https:\/\/asistenciasvital.com\/hn\/asistencias-personales\/#breadcrumb\",\"itemListElement\":[{\"@type\":\"ListItem\",\"position\":1,\"name\":\"Portada\",\"item\":\"https:\/\/asistenciasvital.com\/hn\/\"},{\"@type\":\"ListItem\",\"position\":2,\"name\":\"Asistencias Personales\"}]},{\"@type\":\"WebSite\",\"@id\":\"https:\/\/asistenciasvital.com\/hn\/#website\",\"url\":\"https:\/\/asistenciasvital.com\/hn\/\",\"name\":\"Asistencias Vital Honduras\",\"description\":\"Se ofrecen asistencias a la medida para los clientes, con componentes funerario, hogar, vial, legal y m\u00e9dico.\",\"publisher\":{\"@id\":\"https:\/\/asistenciasvital.com\/hn\/#organization\"},\"potentialAction\":[{\"@type\":\"SearchAction\",\"target\":{\"@type\":\"EntryPoint\",\"urlTemplate\":\"https:\/\/asistenciasvital.com\/hn\/?s={search_term_string}\"},\"query-input\":{\"@type\":\"PropertyValueSpecification\",\"valueRequired\":true,\"valueName\":\"search_term_string\"}}],\"inLanguage\":\"es\"},{\"@type\":\"Organization\",\"@id\":\"https:\/\/asistenciasvital.com\/hn\/#organization\",\"name\":\"Asistencias Vital Honduras\",\"url\":\"https:\/\/asistenciasvital.com\/hn\/\",\"logo\":{\"@type\":\"ImageObject\",\"inLanguage\":\"es\",\"@id\":\"https:\/\/asistenciasvital.com\/hn\/#\/schema\/logo\/image\/\",\"url\":\"https:\/\/asistenciasvital.com\/hn\/wp-content\/uploads\/sites\/2\/2024\/01\/cropped-ASISTRENCIAS-VITAL-logo-scaled.png\",\"contentUrl\":\"https:\/\/asistenciasvital.com\/hn\/wp-content\/uploads\/sites\/2\/2024\/01\/cropped-ASISTRENCIAS-VITAL-logo-scaled.png\",\"width\":2560,\"height\":854,\"caption\":\"Asistencias Vital Honduras\"},\"image\":{\"@id\":\"https:\/\/asistenciasvital.com\/hn\/#\/schema\/logo\/image\/\"},\"sameAs\":[\"https:\/\/www.facebook.com\/redvitalnic\",\"https:\/\/www.instagram.com\/redvitalnic\/\",\"https:\/\/www.tiktok.com\/@asistencias_vital?_t=8fp2ae3lf2j&_r=1\"]}]}<\/script>\n<!-- \/ Yoast SEO plugin. -->","yoast_head_json":{"title":"Asistencias Personales - Asistencias Vital Honduras","robots":{"index":"index","follow":"follow","max-snippet":"max-snippet:-1","max-image-preview":"max-image-preview:large","max-video-preview":"max-video-preview:-1"},"canonical":"https:\/\/asistenciasvital.com\/hn\/asistencias-personales\/","og_locale":"es_ES","og_type":"article","og_title":"Asistencias Personales - Asistencias Vital Honduras","og_description":"Asistencias VITAL para ti: Asistencia Funeraria Individual o Familiar y Asistencia M\u00e9dica. Cont\u00e1ctanos FunerariaIndividual FunerariaFamiliar AsistenciaM\u00e9dica Asistencia Funeraria individual: En caso de fallecimiento del afiliado, la familia doliente puede escoger entre los dos paquetes f\u00fanebres disponibles: Opci\u00f3n 1: Velaci\u00f3n Convencional. Asesor\u00eda en documentaci\u00f3n necesaria. Traslado terrestre de la persona fallecida a nivel nacional. Ata\u00fad est\u00e1ndar [&hellip;]","og_url":"https:\/\/asistenciasvital.com\/hn\/asistencias-personales\/","og_site_name":"Asistencias Vital Honduras","article_publisher":"https:\/\/www.facebook.com\/redvitalnic","article_modified_time":"2025-08-14T23:16:34+00:00","og_image":[{"url":"https:\/\/asistenciasvital.com\/wp-content\/uploads\/2024\/03\/Asistencias_Individuales_Vital.png","type":"","width":"","height":""}],"twitter_card":"summary_large_image","twitter_misc":{"Tiempo de lectura":"3 minutos"},"schema":{"@context":"https:\/\/schema.org","@graph":[{"@type":"WebPage","@id":"https:\/\/asistenciasvital.com\/hn\/asistencias-personales\/","url":"https:\/\/asistenciasvital.com\/hn\/asistencias-personales\/","name":"Asistencias Personales - Asistencias Vital Honduras","isPartOf":{"@id":"https:\/\/asistenciasvital.com\/hn\/#website"},"primaryImageOfPage":{"@id":"https:\/\/asistenciasvital.com\/hn\/asistencias-personales\/#primaryimage"},"image":{"@id":"https:\/\/asistenciasvital.com\/hn\/asistencias-personales\/#primaryimage"},"thumbnailUrl":"https:\/\/asistenciasvital.com\/wp-content\/uploads\/2024\/03\/Asistencias_Individuales_Vital.png","datePublished":"2024-05-29T18:46:55+00:00","dateModified":"2025-08-14T23:16:34+00:00","breadcrumb":{"@id":"https:\/\/asistenciasvital.com\/hn\/asistencias-personales\/#breadcrumb"},"inLanguage":"es","potentialAction":[{"@type":"ReadAction","target":["https:\/\/asistenciasvital.com\/hn\/asistencias-personales\/"]}]},{"@type":"ImageObject","inLanguage":"es","@id":"https:\/\/asistenciasvital.com\/hn\/asistencias-personales\/#primaryimage","url":"https:\/\/asistenciasvital.com\/wp-content\/uploads\/2024\/03\/Asistencias_Individuales_Vital.png","contentUrl":"https:\/\/asistenciasvital.com\/wp-content\/uploads\/2024\/03\/Asistencias_Individuales_Vital.png"},{"@type":"BreadcrumbList","@id":"https:\/\/asistenciasvital.com\/hn\/asistencias-personales\/#breadcrumb","itemListElement":[{"@type":"ListItem","position":1,"name":"Portada","item":"https:\/\/asistenciasvital.com\/hn\/"},{"@type":"ListItem","position":2,"name":"Asistencias Personales"}]},{"@type":"WebSite","@id":"https:\/\/asistenciasvital.com\/hn\/#website","url":"https:\/\/asistenciasvital.com\/hn\/","name":"Asistencias Vital Honduras","description":"Se ofrecen asistencias a la medida para los clientes, con componentes funerario, hogar, vial, legal y m\u00e9dico.","publisher":{"@id":"https:\/\/asistenciasvital.com\/hn\/#organization"},"potentialAction":[{"@type":"SearchAction","target":{"@type":"EntryPoint","urlTemplate":"https:\/\/asistenciasvital.com\/hn\/?s={search_term_string}"},"query-input":{"@type":"PropertyValueSpecification","valueRequired":true,"valueName":"search_term_string"}}],"inLanguage":"es"},{"@type":"Organization","@id":"https:\/\/asistenciasvital.com\/hn\/#organization","name":"Asistencias Vital Honduras","url":"https:\/\/asistenciasvital.com\/hn\/","logo":{"@type":"ImageObject","inLanguage":"es","@id":"https:\/\/asistenciasvital.com\/hn\/#\/schema\/logo\/image\/","url":"https:\/\/asistenciasvital.com\/hn\/wp-content\/uploads\/sites\/2\/2024\/01\/cropped-ASISTRENCIAS-VITAL-logo-scaled.png","contentUrl":"https:\/\/asistenciasvital.com\/hn\/wp-content\/uploads\/sites\/2\/2024\/01\/cropped-ASISTRENCIAS-VITAL-logo-scaled.png","width":2560,"height":854,"caption":"Asistencias Vital Honduras"},"image":{"@id":"https:\/\/asistenciasvital.com\/hn\/#\/schema\/logo\/image\/"},"sameAs":["https:\/\/www.facebook.com\/redvitalnic","https:\/\/www.instagram.com\/redvitalnic\/","https:\/\/www.tiktok.com\/@asistencias_vital?_t=8fp2ae3lf2j&_r=1"]}]}},"_links":{"self":[{"href":"https:\/\/asistenciasvital.com\/hn\/wp-json\/wp\/v2\/pages\/67","targetHints":{"allow":["GET"]}}],"collection":[{"href":"https:\/\/asistenciasvital.com\/hn\/wp-json\/wp\/v2\/pages"}],"about":[{"href":"https:\/\/asistenciasvital.com\/hn\/wp-json\/wp\/v2\/types\/page"}],"author":[{"embeddable":true,"href":"https:\/\/asistenciasvital.com\/hn\/wp-json\/wp\/v2\/users\/1"}],"replies":[{"embeddable":true,"href":"https:\/\/asistenciasvital.com\/hn\/wp-json\/wp\/v2\/comments?post=67"}],"version-history":[{"count":1,"href":"https:\/\/asistenciasvital.com\/hn\/wp-json\/wp\/v2\/pages\/67\/revisions"}],"predecessor-version":[{"id":125,"href":"https:\/\/asistenciasvital.com\/hn\/wp-json\/wp\/v2\/pages\/67\/revisions\/125"}],"wp:attachment":[{"href":"https:\/\/asistenciasvital.com\/hn\/wp-json\/wp\/v2\/media?parent=67"}],"curies":[{"name":"wp","href":"https:\/\/api.w.org\/{rel}","templated":true}]}}