{"id":7,"date":"2023-12-19T21:28:21","date_gmt":"2023-12-19T20:28:21","guid":{"rendered":"https:\/\/asistenciasvital.com\/hn\/?page_id=7"},"modified":"2024-05-30T17:39:28","modified_gmt":"2024-05-30T15:39:28","slug":"nosotros","status":"publish","type":"page","link":"https:\/\/asistenciasvital.com\/hn\/nosotros\/","title":{"rendered":"Nosotros"},"content":{"rendered":"\n\n\t\t\t\t<img decoding=\"async\" src=\"https:\/\/asistenciasvital.com\/wp-content\/uploads\/2024\/04\/Nosotros_Asistencia_Vital2.png\" alt=\"Nosotros_Asistencia_Vital2\" title=\"Nosotros_Asistencia_Vital2\" \/>\n\t\t\tNuestro Prop\u00f3sito\n\t\t<h2>\n\t\t\tSimplificamos vidas mediante asistencias\n\t\t\t\t\t\t\t\t\t\t\t integrales y personalizadas\n\t\t<\/h2>\n\t\t\t<p>Nuestro objetivo es proporcionar tranquilidad a trav\u00e9s de servicios dise\u00f1ados espec\u00edficamente para satisfacer las necesidades individuales, garantizando as\u00ed una experiencia que va m\u00e1s all\u00e1 de las expectativas.<\/p>\t\t\n\t\t<h2>\n\t\t\tAsistencias Vital en N\u00fameros\n\t\t<\/h2>\n\t\t<!-- Comment to fix spacing issue\n\t-->\n\t\t<h2>0K<\/h2>personas conf\u00edan en nuestros servicios\n\t<!-- Comment to fix spacing issue\n\t-->\t\n\t\t<!-- Comment to fix spacing issue\n\t-->\n\t\t<h2>0<\/h2>A\u00f1os en el mercado\n\t<!-- Comment to fix spacing issue\n\t-->\t\n\t\t\t\t\t<img decoding=\"async\" src=\"https:\/\/asistenciasvital.com\/wp-content\/uploads\/2023\/12\/ASISTRENCIAS-VITAL-logo-1024x652.png\" alt=\"\" \/>\n\t\t\n","protected":false},"excerpt":{"rendered":"<p>Nuestro Prop\u00f3sito Simplificamos vidas mediante asistencias integrales y personalizadas Nuestro objetivo es proporcionar tranquilidad a trav\u00e9s de servicios dise\u00f1ados espec\u00edficamente para satisfacer las necesidades individuales, garantizando as\u00ed una experiencia que va m\u00e1s all\u00e1 de las expectativas. Asistencias Vital en N\u00fameros 0K personas conf\u00edan en nuestros servicios 0 A\u00f1os en el mercado<\/p>\n","protected":false},"author":1,"featured_media":0,"parent":0,"menu_order":0,"comment_status":"closed","ping_status":"closed","template":"","meta":{"site-sidebar-layout":"default","site-content-layout":"","ast-site-content-layout":"default","site-content-style":"default","site-sidebar-style":"default","ast-global-header-display":"","ast-banner-title-visibility":"","ast-main-header-display":"","ast-hfb-above-header-display":"","ast-hfb-below-header-display":"","ast-hfb-mobile-header-display":"","site-post-title":"","ast-breadcrumbs-content":"","ast-featured-img":"","footer-sml-layout":"","theme-transparent-header-meta":"","adv-header-id-meta":"","stick-header-meta":"","header-above-stick-meta":"","header-main-stick-meta":"","header-below-stick-meta":"","astra-migrate-meta-layouts":"default","ast-page-background-enabled":"default","ast-page-background-meta":{"desktop":{"background-color":"var(--ast-global-color-4)","background-image":"","background-repeat":"repeat","background-position":"center center","background-size":"auto","background-attachment":"scroll","background-type":"","background-media":"","overlay-type":"","overlay-color":"","overlay-opacity":"","overlay-gradient":""},"tablet":{"background-color":"","background-image":"","background-repeat":"repeat","background-position":"center center","background-size":"auto","background-attachment":"scroll","background-type":"","background-media":"","overlay-type":"","overlay-color":"","overlay-opacity":"","overlay-gradient":""},"mobile":{"background-color":"","background-image":"","background-repeat":"repeat","background-position":"center center","background-size":"auto","background-attachment":"scroll","background-type":"","background-media":"","overlay-type":"","overlay-color":"","overlay-opacity":"","overlay-gradient":""}},"ast-content-background-meta":{"desktop":{"background-color":"var(--ast-global-color-5)","background-image":"","background-repeat":"repeat","background-position":"center center","background-size":"auto","background-attachment":"scroll","background-type":"","background-media":"","overlay-type":"","overlay-color":"","overlay-opacity":"","overlay-gradient":""},"tablet":{"background-color":"var(--ast-global-color-5)","background-image":"","background-repeat":"repeat","background-position":"center center","background-size":"auto","background-attachment":"scroll","background-type":"","background-media":"","overlay-type":"","overlay-color":"","overlay-opacity":"","overlay-gradient":""},"mobile":{"background-color":"var(--ast-global-color-5)","background-image":"","background-repeat":"repeat","background-position":"center center","background-size":"auto","background-attachment":"scroll","background-type":"","background-media":"","overlay-type":"","overlay-color":"","overlay-opacity":"","overlay-gradient":""}},"footnotes":""},"class_list":["post-7","page","type-page","status-publish","hentry"],"yoast_head":"<!-- This site is optimized with the Yoast SEO plugin v25.7 - https:\/\/yoast.com\/wordpress\/plugins\/seo\/ -->\n<title>Nosotros - Asistencias Vital Honduras<\/title>\n<meta name=\"robots\" content=\"index, follow, max-snippet:-1, max-image-preview:large, max-video-preview:-1\" \/>\n<link rel=\"canonical\" href=\"https:\/\/asistenciasvital.com\/hn\/nosotros\/\" \/>\n<meta property=\"og:locale\" content=\"es_ES\" \/>\n<meta property=\"og:type\" content=\"article\" \/>\n<meta property=\"og:title\" content=\"Nosotros - Asistencias Vital Honduras\" \/>\n<meta property=\"og:description\" content=\"Nuestro Prop\u00f3sito Simplificamos vidas mediante asistencias integrales y personalizadas Nuestro objetivo es proporcionar tranquilidad a trav\u00e9s de servicios dise\u00f1ados espec\u00edficamente para satisfacer las necesidades individuales, garantizando as\u00ed una experiencia que va m\u00e1s all\u00e1 de las expectativas. Asistencias Vital en N\u00fameros 0K personas conf\u00edan en nuestros servicios 0 A\u00f1os en el mercado\" \/>\n<meta property=\"og:url\" content=\"https:\/\/asistenciasvital.com\/hn\/nosotros\/\" \/>\n<meta property=\"og:site_name\" content=\"Asistencias Vital Honduras\" \/>\n<meta property=\"article:publisher\" content=\"https:\/\/www.facebook.com\/redvitalnic\" \/>\n<meta property=\"article:modified_time\" content=\"2024-05-30T15:39:28+00:00\" \/>\n<meta property=\"og:image\" content=\"https:\/\/asistenciasvital.com\/wp-content\/uploads\/2024\/04\/Nosotros_Asistencia_Vital2.png\" \/>\n<meta name=\"twitter:card\" content=\"summary_large_image\" \/>\n<script type=\"application\/ld+json\" class=\"yoast-schema-graph\">{\"@context\":\"https:\/\/schema.org\",\"@graph\":[{\"@type\":\"WebPage\",\"@id\":\"https:\/\/asistenciasvital.com\/hn\/nosotros\/\",\"url\":\"https:\/\/asistenciasvital.com\/hn\/nosotros\/\",\"name\":\"Nosotros - Asistencias Vital Honduras\",\"isPartOf\":{\"@id\":\"https:\/\/asistenciasvital.com\/hn\/#website\"},\"primaryImageOfPage\":{\"@id\":\"https:\/\/asistenciasvital.com\/hn\/nosotros\/#primaryimage\"},\"image\":{\"@id\":\"https:\/\/asistenciasvital.com\/hn\/nosotros\/#primaryimage\"},\"thumbnailUrl\":\"https:\/\/asistenciasvital.com\/wp-content\/uploads\/2024\/04\/Nosotros_Asistencia_Vital2.png\",\"datePublished\":\"2023-12-19T20:28:21+00:00\",\"dateModified\":\"2024-05-30T15:39:28+00:00\",\"breadcrumb\":{\"@id\":\"https:\/\/asistenciasvital.com\/hn\/nosotros\/#breadcrumb\"},\"inLanguage\":\"es\",\"potentialAction\":[{\"@type\":\"ReadAction\",\"target\":[\"https:\/\/asistenciasvital.com\/hn\/nosotros\/\"]}]},{\"@type\":\"ImageObject\",\"inLanguage\":\"es\",\"@id\":\"https:\/\/asistenciasvital.com\/hn\/nosotros\/#primaryimage\",\"url\":\"https:\/\/asistenciasvital.com\/wp-content\/uploads\/2024\/04\/Nosotros_Asistencia_Vital2.png\",\"contentUrl\":\"https:\/\/asistenciasvital.com\/wp-content\/uploads\/2024\/04\/Nosotros_Asistencia_Vital2.png\"},{\"@type\":\"BreadcrumbList\",\"@id\":\"https:\/\/asistenciasvital.com\/hn\/nosotros\/#breadcrumb\",\"itemListElement\":[{\"@type\":\"ListItem\",\"position\":1,\"name\":\"Portada\",\"item\":\"https:\/\/asistenciasvital.com\/hn\/\"},{\"@type\":\"ListItem\",\"position\":2,\"name\":\"Nosotros\"}]},{\"@type\":\"WebSite\",\"@id\":\"https:\/\/asistenciasvital.com\/hn\/#website\",\"url\":\"https:\/\/asistenciasvital.com\/hn\/\",\"name\":\"Asistencias Vital Honduras\",\"description\":\"Se ofrecen asistencias a la medida para los clientes, con componentes funerario, hogar, vial, legal y m\u00e9dico.\",\"publisher\":{\"@id\":\"https:\/\/asistenciasvital.com\/hn\/#organization\"},\"potentialAction\":[{\"@type\":\"SearchAction\",\"target\":{\"@type\":\"EntryPoint\",\"urlTemplate\":\"https:\/\/asistenciasvital.com\/hn\/?s={search_term_string}\"},\"query-input\":{\"@type\":\"PropertyValueSpecification\",\"valueRequired\":true,\"valueName\":\"search_term_string\"}}],\"inLanguage\":\"es\"},{\"@type\":\"Organization\",\"@id\":\"https:\/\/asistenciasvital.com\/hn\/#organization\",\"name\":\"Asistencias Vital Honduras\",\"url\":\"https:\/\/asistenciasvital.com\/hn\/\",\"logo\":{\"@type\":\"ImageObject\",\"inLanguage\":\"es\",\"@id\":\"https:\/\/asistenciasvital.com\/hn\/#\/schema\/logo\/image\/\",\"url\":\"https:\/\/asistenciasvital.com\/hn\/wp-content\/uploads\/sites\/2\/2024\/01\/cropped-ASISTRENCIAS-VITAL-logo-scaled.png\",\"contentUrl\":\"https:\/\/asistenciasvital.com\/hn\/wp-content\/uploads\/sites\/2\/2024\/01\/cropped-ASISTRENCIAS-VITAL-logo-scaled.png\",\"width\":2560,\"height\":854,\"caption\":\"Asistencias Vital Honduras\"},\"image\":{\"@id\":\"https:\/\/asistenciasvital.com\/hn\/#\/schema\/logo\/image\/\"},\"sameAs\":[\"https:\/\/www.facebook.com\/redvitalnic\",\"https:\/\/www.instagram.com\/redvitalnic\/\",\"https:\/\/www.tiktok.com\/@asistencias_vital?_t=8fp2ae3lf2j&_r=1\"]}]}<\/script>\n<!-- \/ Yoast SEO plugin. -->","yoast_head_json":{"title":"Nosotros - Asistencias Vital Honduras","robots":{"index":"index","follow":"follow","max-snippet":"max-snippet:-1","max-image-preview":"max-image-preview:large","max-video-preview":"max-video-preview:-1"},"canonical":"https:\/\/asistenciasvital.com\/hn\/nosotros\/","og_locale":"es_ES","og_type":"article","og_title":"Nosotros - Asistencias Vital Honduras","og_description":"Nuestro Prop\u00f3sito Simplificamos vidas mediante asistencias integrales y personalizadas Nuestro objetivo es proporcionar tranquilidad a trav\u00e9s de servicios dise\u00f1ados espec\u00edficamente para satisfacer las necesidades individuales, garantizando as\u00ed una experiencia que va m\u00e1s all\u00e1 de las expectativas. Asistencias Vital en N\u00fameros 0K personas conf\u00edan en nuestros servicios 0 A\u00f1os en el mercado","og_url":"https:\/\/asistenciasvital.com\/hn\/nosotros\/","og_site_name":"Asistencias Vital Honduras","article_publisher":"https:\/\/www.facebook.com\/redvitalnic","article_modified_time":"2024-05-30T15:39:28+00:00","og_image":[{"url":"https:\/\/asistenciasvital.com\/wp-content\/uploads\/2024\/04\/Nosotros_Asistencia_Vital2.png","type":"","width":"","height":""}],"twitter_card":"summary_large_image","schema":{"@context":"https:\/\/schema.org","@graph":[{"@type":"WebPage","@id":"https:\/\/asistenciasvital.com\/hn\/nosotros\/","url":"https:\/\/asistenciasvital.com\/hn\/nosotros\/","name":"Nosotros - Asistencias Vital Honduras","isPartOf":{"@id":"https:\/\/asistenciasvital.com\/hn\/#website"},"primaryImageOfPage":{"@id":"https:\/\/asistenciasvital.com\/hn\/nosotros\/#primaryimage"},"image":{"@id":"https:\/\/asistenciasvital.com\/hn\/nosotros\/#primaryimage"},"thumbnailUrl":"https:\/\/asistenciasvital.com\/wp-content\/uploads\/2024\/04\/Nosotros_Asistencia_Vital2.png","datePublished":"2023-12-19T20:28:21+00:00","dateModified":"2024-05-30T15:39:28+00:00","breadcrumb":{"@id":"https:\/\/asistenciasvital.com\/hn\/nosotros\/#breadcrumb"},"inLanguage":"es","potentialAction":[{"@type":"ReadAction","target":["https:\/\/asistenciasvital.com\/hn\/nosotros\/"]}]},{"@type":"ImageObject","inLanguage":"es","@id":"https:\/\/asistenciasvital.com\/hn\/nosotros\/#primaryimage","url":"https:\/\/asistenciasvital.com\/wp-content\/uploads\/2024\/04\/Nosotros_Asistencia_Vital2.png","contentUrl":"https:\/\/asistenciasvital.com\/wp-content\/uploads\/2024\/04\/Nosotros_Asistencia_Vital2.png"},{"@type":"BreadcrumbList","@id":"https:\/\/asistenciasvital.com\/hn\/nosotros\/#breadcrumb","itemListElement":[{"@type":"ListItem","position":1,"name":"Portada","item":"https:\/\/asistenciasvital.com\/hn\/"},{"@type":"ListItem","position":2,"name":"Nosotros"}]},{"@type":"WebSite","@id":"https:\/\/asistenciasvital.com\/hn\/#website","url":"https:\/\/asistenciasvital.com\/hn\/","name":"Asistencias Vital Honduras","description":"Se ofrecen asistencias a la medida para los clientes, con componentes funerario, hogar, vial, legal y m\u00e9dico.","publisher":{"@id":"https:\/\/asistenciasvital.com\/hn\/#organization"},"potentialAction":[{"@type":"SearchAction","target":{"@type":"EntryPoint","urlTemplate":"https:\/\/asistenciasvital.com\/hn\/?s={search_term_string}"},"query-input":{"@type":"PropertyValueSpecification","valueRequired":true,"valueName":"search_term_string"}}],"inLanguage":"es"},{"@type":"Organization","@id":"https:\/\/asistenciasvital.com\/hn\/#organization","name":"Asistencias Vital Honduras","url":"https:\/\/asistenciasvital.com\/hn\/","logo":{"@type":"ImageObject","inLanguage":"es","@id":"https:\/\/asistenciasvital.com\/hn\/#\/schema\/logo\/image\/","url":"https:\/\/asistenciasvital.com\/hn\/wp-content\/uploads\/sites\/2\/2024\/01\/cropped-ASISTRENCIAS-VITAL-logo-scaled.png","contentUrl":"https:\/\/asistenciasvital.com\/hn\/wp-content\/uploads\/sites\/2\/2024\/01\/cropped-ASISTRENCIAS-VITAL-logo-scaled.png","width":2560,"height":854,"caption":"Asistencias Vital Honduras"},"image":{"@id":"https:\/\/asistenciasvital.com\/hn\/#\/schema\/logo\/image\/"},"sameAs":["https:\/\/www.facebook.com\/redvitalnic","https:\/\/www.instagram.com\/redvitalnic\/","https:\/\/www.tiktok.com\/@asistencias_vital?_t=8fp2ae3lf2j&_r=1"]}]}},"_links":{"self":[{"href":"https:\/\/asistenciasvital.com\/hn\/wp-json\/wp\/v2\/pages\/7","targetHints":{"allow":["GET"]}}],"collection":[{"href":"https:\/\/asistenciasvital.com\/hn\/wp-json\/wp\/v2\/pages"}],"about":[{"href":"https:\/\/asistenciasvital.com\/hn\/wp-json\/wp\/v2\/types\/page"}],"author":[{"embeddable":true,"href":"https:\/\/asistenciasvital.com\/hn\/wp-json\/wp\/v2\/users\/1"}],"replies":[{"embeddable":true,"href":"https:\/\/asistenciasvital.com\/hn\/wp-json\/wp\/v2\/comments?post=7"}],"version-history":[{"count":0,"href":"https:\/\/asistenciasvital.com\/hn\/wp-json\/wp\/v2\/pages\/7\/revisions"}],"wp:attachment":[{"href":"https:\/\/asistenciasvital.com\/hn\/wp-json\/wp\/v2\/media?parent=7"}],"curies":[{"name":"wp","href":"https:\/\/api.w.org\/{rel}","templated":true}]}}