{"id":70,"date":"2024-05-29T20:48:10","date_gmt":"2024-05-29T18:48:10","guid":{"rendered":"https:\/\/asistenciasvital.com\/hn\/?page_id=70"},"modified":"2024-06-22T00:10:48","modified_gmt":"2024-06-21T22:10:48","slug":"asistencias-empresariales","status":"publish","type":"page","link":"https:\/\/asistenciasvital.com\/hn\/asistencias-empresariales\/","title":{"rendered":"Asistencias Empresariales"},"content":{"rendered":"\n\n\t\t<h2>Genera ingresos no operativos y aumenta la fidelidad de tus clientes y la productividad de tus colaboradores<\/h2>\n\t\t\t\t<p>Dise\u00f1a paquetes de asistencias a la medida seg\u00fan sus necesidades<\/p>\n\t\t\t<a href=\"\" target=\"_self\" role=\"button\" aria-label=\"Servicios Empresariales\" rel=\"noopener\">\n\t\t\t\t\t\t\tServicios Empresariales\n\t\t<\/a>\n\t\t\tlo que ofrecemos\n\t\t<h2>\n\t\t\tPersonalizaci\u00f3n de Servicios Empresariales\n\t\t<\/h2>\n\t\t\t<p>En <strong>Asistencias Vital<\/strong> estamos comprometidos a ofrecer soluciones de asistencia empresarial excepcionales que no solo agregan valor a su negocio, sino que tambi\u00e9n generan ingresos no operativos significativos.Con nuestra capacidad para integrar f\u00e1cilmente una amplia gama de servicios de asistencia en su programa de beneficios para empleados o servicios existentes, le ofrecemos la oportunidad de fortalecer la lealtad del cliente y aumentar sus ganancias de manera efectiva, sin complicaciones adicionales.<\/p>\t\t\n\t\t<h2>\n\t\t\tModalidades\n\t\t\t\t\t\t\t\t\t\t\tde paquetes\n\t\t<\/h2>\n\t\t\t\t<img decoding=\"async\" src=\"https:\/\/asistenciasvital.com\/wp-content\/uploads\/2024\/02\/comercial.png\" alt=\"\" title=\"\" \/>\n\t\t\t\t\t\t\t\t\t\t\t\t<h3>Comercial<\/h3>\n\t\t\t\t\t\t<p>Aumente sus ingresos no operativos<\/p>\t\t\t\t\t\n\t\t\t<!-- END .front -->\n\t\t\t\t\t\t<p>Las empresas pueden ofrecer el paquete de asistencias \u00f3 adherirlo a sus productos o servicios ya existentes como un complemento nuevo y diferenciador.<\/p>\t\t\t\t\t\n\t\t\t<!-- END .back -->\n\t\t <!-- ifb-flip-box -->\n\t <!-- flip-box -->\n\t\t\t\t<img decoding=\"async\" src=\"https:\/\/asistenciasvital.com\/wp-content\/uploads\/2024\/02\/beneficio-colaborador.png\" alt=\"\" title=\"\" \/>\n\t\t\t\t\t\t\t\t\t\t\t\t<h3>Beneficio Colaborador<\/h3>\n\t\t\t\t\t\t<p>Aumente la productividad de sus colaboradores<\/p>\t\t\t\t\t\n\t\t\t<!-- END .front -->\n\t\t\t\t\t\t<p>Las empresas pueden ofrecer el paquete de asistencias como parte del programa de beneficios para sus colaboradores.<\/p>\t\t\t\t\t\n\t\t\t<!-- END .back -->\n\t\t <!-- ifb-flip-box -->\n\t <!-- flip-box -->\n\t\t<h2>\n\t\t\tNuestras Asistencias\n\t\t<\/h2>\n\t\t\t\t<img decoding=\"async\" src=\"https:\/\/asistenciasvital.com\/wp-content\/uploads\/2024\/04\/Asistencia-Funeraria.png\" alt=\"\" title=\"\" \/>\n\t\t\t\t\t\t\t\t\t\t\t\t<h6>Asistencia<br \/> Funeraria<\/h6>\n\t\t\t<!-- END .front -->\n\t\t\t\t\t\t<p>Se brinda atenci\u00f3n de servicios funerarios cubriendo el 100% de los costos seg\u00fan las preferencias de la familia doliente (velaci\u00f3n o cremaci\u00f3n).<\/p>\t\t\t\t\t\n\t\t\t<!-- END .back -->\n\t\t <!-- ifb-flip-box -->\n\t <!-- flip-box -->\n\t\t\t\t<img decoding=\"async\" src=\"https:\/\/asistenciasvital.com\/wp-content\/uploads\/2024\/04\/Asistencia-Vial.png\" alt=\"\" title=\"\" \/>\n\t\t\t\t\t\t\t\t\t\t\t\t<h6>Asistencia<br \/> Vial<\/h6>\n\t\t\t<!-- END .front -->\n\t\t\t\t\t\t<p>Se atiende emergencia de gr\u00faa, emergencia de cerrajer\u00eda, cambio de llanta, abasto de combustible, paso de corriente y conductor designado.<\/p>\t\t\t\t\t\n\t\t\t<!-- END .back -->\n\t\t <!-- ifb-flip-box -->\n\t <!-- flip-box -->\n\t\t\t\t<img decoding=\"async\" src=\"https:\/\/asistenciasvital.com\/wp-content\/uploads\/2024\/04\/Asistencia-Hogar.png\" alt=\"\" title=\"\" \/>\n\t\t\t\t\t\t\t\t\t\t\t\t<h6>Asistencia<br \/> Hogar<\/h6>\n\t\t\t<!-- END .front -->\n\t\t\t\t\t\t<p>Se ofrecen servicios de cerrajer\u00eda, electricidad, fontaner\u00eda, vidrier\u00eda e instalaciones r\u00e1pidas menores.<\/p>\t\t\t\t\t\n\t\t\t<!-- END .back -->\n\t\t <!-- ifb-flip-box -->\n\t <!-- flip-box -->\n\t\t\t\t<img decoding=\"async\" src=\"https:\/\/asistenciasvital.com\/wp-content\/uploads\/2024\/04\/Asistencia-Medica.png\" alt=\"\" title=\"\" \/>\n\t\t\t\t\t\t\t\t\t\t\t\t<h6>Asistencia <br \/> M\u00e9dica<\/h6>\n\t\t\t<!-- END .front -->\n\t\t\t\t\t\t<p>Se ofrecen consultas m\u00e9dicas en m\u00faltiples modalidades con especialistas en medicina general, ginecolog\u00eda, psicolog\u00eda, nutrici\u00f3n, pediatr\u00eda y medicina interna.<\/p>\t\t\t\t\t\n\t\t\t<!-- END .back -->\n\t\t <!-- ifb-flip-box -->\n\t <!-- flip-box -->\n\t\t\t\t<img decoding=\"async\" src=\"https:\/\/asistenciasvital.com\/wp-content\/uploads\/2024\/04\/Asistencia-Legal.png\" alt=\"\" title=\"\" \/>\n\t\t\t\t\t\t\t\t\t\t\t\t<h6>Asistencia<br \/> Legal<\/h6>\n\t\t\t<!-- END .front -->\n\t\t\t\t\t\t<p>Se brinda atenci\u00f3n preliminar en accidentes de autom\u00f3vil (con abogados o ajustadores propios) y orientaci\u00f3n telef\u00f3nica por robo de veh\u00edculo.<\/p>\t\t\t\t\t\n\t\t\t<!-- END .back -->\n\t\t <!-- ifb-flip-box -->\n\t <!-- flip-box -->\n\t\t\tF\u00e1cil y Eficiente\n\t\t<h2>\n\t\t\tAdquiera el servicio que mejor se alinee a su empresa\n\t\t<\/h2>\n\t\t\t\t<img decoding=\"async\" src=\"https:\/\/asistenciasvital.com\/wp-content\/uploads\/2024\/02\/1.png\" alt=\"\" title=\"\" \/>\n\t\t\t<h6>Selecci\u00f3n de productos<\/h6>\t\t\t\n\t\t\t\t<p>Elige las asistencias que mejor se adapten a tus necesidades comerciales o las de tus colaboradores.<\/p>\n\t\t\t\t<img decoding=\"async\" src=\"https:\/\/asistenciasvital.com\/wp-content\/uploads\/2024\/02\/2.png\" alt=\"\" title=\"\" \/>\n\t\t\t<h6>Personalizaci\u00f3n de productos<\/h6>\t\t\t\n\t\t\t\t<p>Especifica los servicios que deseas incluir en tu paquete de asistencias, adapt\u00e1ndolo a tus requerimientos espec\u00edficos.<\/p>\n\t\t\t\t<img decoding=\"async\" src=\"https:\/\/asistenciasvital.com\/wp-content\/uploads\/2024\/02\/3.png\" alt=\"\" title=\"\" \/>\n\t\t\t<h6>Volumen de colocaci\u00f3n y proyecci\u00f3n de cartera<\/h6>\t\t\t\n\t\t\t\t<p>Proporci\u00f3nanos el volumen aproximado de clientes o colaboradores en tu negocio para ajustar nuestro servicio de manera \u00f3ptima, con esa informaci\u00f3n realizamos un flujo y te presentamos un an\u00e1lisis de las ganancias a obtener a largo plazo.<\/p>\n\t\t\t\t<img decoding=\"async\" src=\"https:\/\/asistenciasvital.com\/wp-content\/uploads\/2024\/04\/DSC_3602-1.png\" alt=\"DSC_3602 1\" title=\"DSC_3602 1\" \/>\n\t\t<h6>\n\t\t\tSelecci\u00f3n de productos\n\t\t<\/h6>\n\t\t\t\t<img decoding=\"async\" src=\"https:\/\/asistenciasvital.com\/wp-content\/uploads\/2024\/04\/Group_40.png\" alt=\"Group_40\" title=\"Group_40\" \/>\n\t\t\t\t<img decoding=\"async\" src=\"https:\/\/asistenciasvital.com\/wp-content\/uploads\/2024\/02\/4.png\" alt=\"\" title=\"\" \/>\n\t\t\t<h6>Precio<\/h6>\t\t\t\n\t\t\t\t<p>Establecemos un precio final acordado por ambas partes, asegurando transparencia y satisfacci\u00f3n mutua.<\/p>\n\t\t\t\t<img decoding=\"async\" src=\"https:\/\/asistenciasvital.com\/wp-content\/uploads\/2024\/02\/5.png\" alt=\"\" title=\"\" \/>\n\t\t\t<h6>Firma del contrato<\/h6>\t\t\t\n\t\t\t\t<p>Elaboramos un contrato detallado que refleje todos los puntos discutidos, listo para ser firmado por ambas partes.<\/p>\n\t\t\t\t<img decoding=\"async\" src=\"https:\/\/asistenciasvital.com\/wp-content\/uploads\/2024\/02\/6.png\" alt=\"\" title=\"\" \/>\n\t\t\t<h6>Material publicitario<\/h6>\t\t\t\n\t\t\t\t<p>Preparamos el material publicitario para el lanzamiento, asegur\u00e1ndonos de obtener tu aprobaci\u00f3n antes de su producci\u00f3n.<\/p>\n\t\t\t\t<img decoding=\"async\" src=\"https:\/\/asistenciasvital.com\/wp-content\/uploads\/2024\/02\/7.png\" alt=\"\" title=\"\" \/>\n\t\t\t<h6>Brindar el servicio<\/h6>\t\t\t\n\t\t\t\t<p>Asistencias VITAL se encarga de la totalidad del funcionamiento operativo y proporciona los servicios necesarios para la plena satisfacci\u00f3n de tus clientes o colaboradores.<\/p>\n\t\t<h2>\u00bfQuieres saber m\u00e1s de servicios empresariales?<\/h2>\n\t\t\t<a href=\"https:\/\/asistenciasvital.com\/hn\/contacto\/\" target=\"_self\" role=\"button\" aria-label=\"Cont\u00e1ctanos\" rel=\"noopener\">\n\t\t\t\t\t\t\tCont\u00e1ctanos\n\t\t<\/a>\n\n","protected":false},"excerpt":{"rendered":"<p>Genera ingresos no operativos y aumenta la fidelidad de tus clientes y la productividad de tus colaboradores Dise\u00f1a paquetes de asistencias a la medida seg\u00fan sus necesidades Servicios Empresariales lo que ofrecemos Personalizaci\u00f3n de Servicios Empresariales En Asistencias Vital estamos comprometidos a ofrecer soluciones de asistencia empresarial excepcionales que no solo agregan valor a su [&hellip;]<\/p>\n","protected":false},"author":1,"featured_media":0,"parent":0,"menu_order":0,"comment_status":"closed","ping_status":"closed","template":"","meta":{"site-sidebar-layout":"default","site-content-layout":"","ast-site-content-layout":"default","site-content-style":"default","site-sidebar-style":"default","ast-global-header-display":"","ast-banner-title-visibility":"","ast-main-header-display":"","ast-hfb-above-header-display":"","ast-hfb-below-header-display":"","ast-hfb-mobile-header-display":"","site-post-title":"","ast-breadcrumbs-content":"","ast-featured-img":"","footer-sml-layout":"","theme-transparent-header-meta":"","adv-header-id-meta":"","stick-header-meta":"","header-above-stick-meta":"","header-main-stick-meta":"","header-below-stick-meta":"","astra-migrate-meta-layouts":"default","ast-page-background-enabled":"default","ast-page-background-meta":{"desktop":{"background-color":"var(--ast-global-color-4)","background-image":"","background-repeat":"repeat","background-position":"center center","background-size":"auto","background-attachment":"scroll","background-type":"","background-media":"","overlay-type":"","overlay-color":"","overlay-opacity":"","overlay-gradient":""},"tablet":{"background-color":"","background-image":"","background-repeat":"repeat","background-position":"center center","background-size":"auto","background-attachment":"scroll","background-type":"","background-media":"","overlay-type":"","overlay-color":"","overlay-opacity":"","overlay-gradient":""},"mobile":{"background-color":"","background-image":"","background-repeat":"repeat","background-position":"center center","background-size":"auto","background-attachment":"scroll","background-type":"","background-media":"","overlay-type":"","overlay-color":"","overlay-opacity":"","overlay-gradient":""}},"ast-content-background-meta":{"desktop":{"background-color":"var(--ast-global-color-5)","background-image":"","background-repeat":"repeat","background-position":"center center","background-size":"auto","background-attachment":"scroll","background-type":"","background-media":"","overlay-type":"","overlay-color":"","overlay-opacity":"","overlay-gradient":""},"tablet":{"background-color":"var(--ast-global-color-5)","background-image":"","background-repeat":"repeat","background-position":"center center","background-size":"auto","background-attachment":"scroll","background-type":"","background-media":"","overlay-type":"","overlay-color":"","overlay-opacity":"","overlay-gradient":""},"mobile":{"background-color":"var(--ast-global-color-5)","background-image":"","background-repeat":"repeat","background-position":"center center","background-size":"auto","background-attachment":"scroll","background-type":"","background-media":"","overlay-type":"","overlay-color":"","overlay-opacity":"","overlay-gradient":""}},"footnotes":""},"class_list":["post-70","page","type-page","status-publish","hentry"],"yoast_head":"<!-- This site is optimized with the Yoast SEO plugin v25.7 - https:\/\/yoast.com\/wordpress\/plugins\/seo\/ -->\n<title>Asistencias Empresariales - Asistencias Vital Honduras<\/title>\n<meta name=\"robots\" content=\"index, follow, max-snippet:-1, max-image-preview:large, max-video-preview:-1\" \/>\n<link rel=\"canonical\" href=\"https:\/\/asistenciasvital.com\/hn\/asistencias-empresariales\/\" \/>\n<meta property=\"og:locale\" content=\"es_ES\" \/>\n<meta property=\"og:type\" content=\"article\" \/>\n<meta property=\"og:title\" content=\"Asistencias Empresariales - Asistencias Vital Honduras\" \/>\n<meta property=\"og:description\" content=\"Genera ingresos no operativos y aumenta la fidelidad de tus clientes y la productividad de tus colaboradores Dise\u00f1a paquetes de asistencias a la medida seg\u00fan sus necesidades Servicios Empresariales lo que ofrecemos Personalizaci\u00f3n de Servicios Empresariales En Asistencias Vital estamos comprometidos a ofrecer soluciones de asistencia empresarial excepcionales que no solo agregan valor a su [&hellip;]\" \/>\n<meta property=\"og:url\" content=\"https:\/\/asistenciasvital.com\/hn\/asistencias-empresariales\/\" \/>\n<meta property=\"og:site_name\" content=\"Asistencias Vital Honduras\" \/>\n<meta property=\"article:publisher\" content=\"https:\/\/www.facebook.com\/redvitalnic\" \/>\n<meta property=\"article:modified_time\" content=\"2024-06-21T22:10:48+00:00\" \/>\n<meta property=\"og:image\" content=\"https:\/\/asistenciasvital.com\/wp-content\/uploads\/2024\/02\/comercial.png\" \/>\n<meta name=\"twitter:card\" content=\"summary_large_image\" \/>\n<meta name=\"twitter:label1\" content=\"Tiempo de lectura\" \/>\n\t<meta name=\"twitter:data1\" content=\"2 minutos\" \/>\n<script type=\"application\/ld+json\" class=\"yoast-schema-graph\">{\"@context\":\"https:\/\/schema.org\",\"@graph\":[{\"@type\":\"WebPage\",\"@id\":\"https:\/\/asistenciasvital.com\/hn\/asistencias-empresariales\/\",\"url\":\"https:\/\/asistenciasvital.com\/hn\/asistencias-empresariales\/\",\"name\":\"Asistencias Empresariales - Asistencias Vital Honduras\",\"isPartOf\":{\"@id\":\"https:\/\/asistenciasvital.com\/hn\/#website\"},\"primaryImageOfPage\":{\"@id\":\"https:\/\/asistenciasvital.com\/hn\/asistencias-empresariales\/#primaryimage\"},\"image\":{\"@id\":\"https:\/\/asistenciasvital.com\/hn\/asistencias-empresariales\/#primaryimage\"},\"thumbnailUrl\":\"https:\/\/asistenciasvital.com\/wp-content\/uploads\/2024\/02\/comercial.png\",\"datePublished\":\"2024-05-29T18:48:10+00:00\",\"dateModified\":\"2024-06-21T22:10:48+00:00\",\"breadcrumb\":{\"@id\":\"https:\/\/asistenciasvital.com\/hn\/asistencias-empresariales\/#breadcrumb\"},\"inLanguage\":\"es\",\"potentialAction\":[{\"@type\":\"ReadAction\",\"target\":[\"https:\/\/asistenciasvital.com\/hn\/asistencias-empresariales\/\"]}]},{\"@type\":\"ImageObject\",\"inLanguage\":\"es\",\"@id\":\"https:\/\/asistenciasvital.com\/hn\/asistencias-empresariales\/#primaryimage\",\"url\":\"https:\/\/asistenciasvital.com\/wp-content\/uploads\/2024\/02\/comercial.png\",\"contentUrl\":\"https:\/\/asistenciasvital.com\/wp-content\/uploads\/2024\/02\/comercial.png\"},{\"@type\":\"BreadcrumbList\",\"@id\":\"https:\/\/asistenciasvital.com\/hn\/asistencias-empresariales\/#breadcrumb\",\"itemListElement\":[{\"@type\":\"ListItem\",\"position\":1,\"name\":\"Portada\",\"item\":\"https:\/\/asistenciasvital.com\/hn\/\"},{\"@type\":\"ListItem\",\"position\":2,\"name\":\"Asistencias Empresariales\"}]},{\"@type\":\"WebSite\",\"@id\":\"https:\/\/asistenciasvital.com\/hn\/#website\",\"url\":\"https:\/\/asistenciasvital.com\/hn\/\",\"name\":\"Asistencias Vital Honduras\",\"description\":\"Se ofrecen asistencias a la medida para los clientes, con componentes funerario, hogar, vial, legal y m\u00e9dico.\",\"publisher\":{\"@id\":\"https:\/\/asistenciasvital.com\/hn\/#organization\"},\"potentialAction\":[{\"@type\":\"SearchAction\",\"target\":{\"@type\":\"EntryPoint\",\"urlTemplate\":\"https:\/\/asistenciasvital.com\/hn\/?s={search_term_string}\"},\"query-input\":{\"@type\":\"PropertyValueSpecification\",\"valueRequired\":true,\"valueName\":\"search_term_string\"}}],\"inLanguage\":\"es\"},{\"@type\":\"Organization\",\"@id\":\"https:\/\/asistenciasvital.com\/hn\/#organization\",\"name\":\"Asistencias Vital Honduras\",\"url\":\"https:\/\/asistenciasvital.com\/hn\/\",\"logo\":{\"@type\":\"ImageObject\",\"inLanguage\":\"es\",\"@id\":\"https:\/\/asistenciasvital.com\/hn\/#\/schema\/logo\/image\/\",\"url\":\"https:\/\/asistenciasvital.com\/hn\/wp-content\/uploads\/sites\/2\/2024\/01\/cropped-ASISTRENCIAS-VITAL-logo-scaled.png\",\"contentUrl\":\"https:\/\/asistenciasvital.com\/hn\/wp-content\/uploads\/sites\/2\/2024\/01\/cropped-ASISTRENCIAS-VITAL-logo-scaled.png\",\"width\":2560,\"height\":854,\"caption\":\"Asistencias Vital Honduras\"},\"image\":{\"@id\":\"https:\/\/asistenciasvital.com\/hn\/#\/schema\/logo\/image\/\"},\"sameAs\":[\"https:\/\/www.facebook.com\/redvitalnic\",\"https:\/\/www.instagram.com\/redvitalnic\/\",\"https:\/\/www.tiktok.com\/@asistencias_vital?_t=8fp2ae3lf2j&_r=1\"]}]}<\/script>\n<!-- \/ Yoast SEO plugin. -->","yoast_head_json":{"title":"Asistencias Empresariales - Asistencias Vital Honduras","robots":{"index":"index","follow":"follow","max-snippet":"max-snippet:-1","max-image-preview":"max-image-preview:large","max-video-preview":"max-video-preview:-1"},"canonical":"https:\/\/asistenciasvital.com\/hn\/asistencias-empresariales\/","og_locale":"es_ES","og_type":"article","og_title":"Asistencias Empresariales - Asistencias Vital Honduras","og_description":"Genera ingresos no operativos y aumenta la fidelidad de tus clientes y la productividad de tus colaboradores Dise\u00f1a paquetes de asistencias a la medida seg\u00fan sus necesidades Servicios Empresariales lo que ofrecemos Personalizaci\u00f3n de Servicios Empresariales En Asistencias Vital estamos comprometidos a ofrecer soluciones de asistencia empresarial excepcionales que no solo agregan valor a su [&hellip;]","og_url":"https:\/\/asistenciasvital.com\/hn\/asistencias-empresariales\/","og_site_name":"Asistencias Vital Honduras","article_publisher":"https:\/\/www.facebook.com\/redvitalnic","article_modified_time":"2024-06-21T22:10:48+00:00","og_image":[{"url":"https:\/\/asistenciasvital.com\/wp-content\/uploads\/2024\/02\/comercial.png","type":"","width":"","height":""}],"twitter_card":"summary_large_image","twitter_misc":{"Tiempo de lectura":"2 minutos"},"schema":{"@context":"https:\/\/schema.org","@graph":[{"@type":"WebPage","@id":"https:\/\/asistenciasvital.com\/hn\/asistencias-empresariales\/","url":"https:\/\/asistenciasvital.com\/hn\/asistencias-empresariales\/","name":"Asistencias Empresariales - Asistencias Vital Honduras","isPartOf":{"@id":"https:\/\/asistenciasvital.com\/hn\/#website"},"primaryImageOfPage":{"@id":"https:\/\/asistenciasvital.com\/hn\/asistencias-empresariales\/#primaryimage"},"image":{"@id":"https:\/\/asistenciasvital.com\/hn\/asistencias-empresariales\/#primaryimage"},"thumbnailUrl":"https:\/\/asistenciasvital.com\/wp-content\/uploads\/2024\/02\/comercial.png","datePublished":"2024-05-29T18:48:10+00:00","dateModified":"2024-06-21T22:10:48+00:00","breadcrumb":{"@id":"https:\/\/asistenciasvital.com\/hn\/asistencias-empresariales\/#breadcrumb"},"inLanguage":"es","potentialAction":[{"@type":"ReadAction","target":["https:\/\/asistenciasvital.com\/hn\/asistencias-empresariales\/"]}]},{"@type":"ImageObject","inLanguage":"es","@id":"https:\/\/asistenciasvital.com\/hn\/asistencias-empresariales\/#primaryimage","url":"https:\/\/asistenciasvital.com\/wp-content\/uploads\/2024\/02\/comercial.png","contentUrl":"https:\/\/asistenciasvital.com\/wp-content\/uploads\/2024\/02\/comercial.png"},{"@type":"BreadcrumbList","@id":"https:\/\/asistenciasvital.com\/hn\/asistencias-empresariales\/#breadcrumb","itemListElement":[{"@type":"ListItem","position":1,"name":"Portada","item":"https:\/\/asistenciasvital.com\/hn\/"},{"@type":"ListItem","position":2,"name":"Asistencias Empresariales"}]},{"@type":"WebSite","@id":"https:\/\/asistenciasvital.com\/hn\/#website","url":"https:\/\/asistenciasvital.com\/hn\/","name":"Asistencias Vital Honduras","description":"Se ofrecen asistencias a la medida para los clientes, con componentes funerario, hogar, vial, legal y m\u00e9dico.","publisher":{"@id":"https:\/\/asistenciasvital.com\/hn\/#organization"},"potentialAction":[{"@type":"SearchAction","target":{"@type":"EntryPoint","urlTemplate":"https:\/\/asistenciasvital.com\/hn\/?s={search_term_string}"},"query-input":{"@type":"PropertyValueSpecification","valueRequired":true,"valueName":"search_term_string"}}],"inLanguage":"es"},{"@type":"Organization","@id":"https:\/\/asistenciasvital.com\/hn\/#organization","name":"Asistencias Vital Honduras","url":"https:\/\/asistenciasvital.com\/hn\/","logo":{"@type":"ImageObject","inLanguage":"es","@id":"https:\/\/asistenciasvital.com\/hn\/#\/schema\/logo\/image\/","url":"https:\/\/asistenciasvital.com\/hn\/wp-content\/uploads\/sites\/2\/2024\/01\/cropped-ASISTRENCIAS-VITAL-logo-scaled.png","contentUrl":"https:\/\/asistenciasvital.com\/hn\/wp-content\/uploads\/sites\/2\/2024\/01\/cropped-ASISTRENCIAS-VITAL-logo-scaled.png","width":2560,"height":854,"caption":"Asistencias Vital Honduras"},"image":{"@id":"https:\/\/asistenciasvital.com\/hn\/#\/schema\/logo\/image\/"},"sameAs":["https:\/\/www.facebook.com\/redvitalnic","https:\/\/www.instagram.com\/redvitalnic\/","https:\/\/www.tiktok.com\/@asistencias_vital?_t=8fp2ae3lf2j&_r=1"]}]}},"_links":{"self":[{"href":"https:\/\/asistenciasvital.com\/hn\/wp-json\/wp\/v2\/pages\/70","targetHints":{"allow":["GET"]}}],"collection":[{"href":"https:\/\/asistenciasvital.com\/hn\/wp-json\/wp\/v2\/pages"}],"about":[{"href":"https:\/\/asistenciasvital.com\/hn\/wp-json\/wp\/v2\/types\/page"}],"author":[{"embeddable":true,"href":"https:\/\/asistenciasvital.com\/hn\/wp-json\/wp\/v2\/users\/1"}],"replies":[{"embeddable":true,"href":"https:\/\/asistenciasvital.com\/hn\/wp-json\/wp\/v2\/comments?post=70"}],"version-history":[{"count":1,"href":"https:\/\/asistenciasvital.com\/hn\/wp-json\/wp\/v2\/pages\/70\/revisions"}],"predecessor-version":[{"id":121,"href":"https:\/\/asistenciasvital.com\/hn\/wp-json\/wp\/v2\/pages\/70\/revisions\/121"}],"wp:attachment":[{"href":"https:\/\/asistenciasvital.com\/hn\/wp-json\/wp\/v2\/media?parent=70"}],"curies":[{"name":"wp","href":"https:\/\/api.w.org\/{rel}","templated":true}]}}